{"id":620,"date":"2025-09-23T20:01:03","date_gmt":"2025-09-23T18:01:03","guid":{"rendered":"https:\/\/www.skiberge.at\/agb\/"},"modified":"2025-11-27T18:42:11","modified_gmt":"2025-11-27T17:42:11","slug":"terms-and-conditions","status":"publish","type":"page","link":"https:\/\/www.skiberge.at\/en\/terms-and-conditions\/","title":{"rendered":"Terms and Conditions"},"content":{"rendered":"<div class=\"acf-fc-column acf-fc-column-1\">\n<h1>Terms and Conditions<\/h1>\n<h2>Terms and Conditions of the Mur-M\u00fcrz Top Ski Pass tariff association<\/h2>\n<h3>1. General information<\/h3>\n<p>The MUR-M\u00dcRZ TOP SKI PASS TARIFF ASSOCIATION (henceforth Mur-M\u00fcrz Top Ski Pass) offers its services through the participating cable cars and other sales partners solely on the basis of these Terms and Conditions.\u00a0 These Terms and Conditions apply to all services. The services purchased through the Mur-M\u00fcrz Top Ski Pass are non-transferable!<\/p>\n<h3>2. Applicability of the General Tariff and Transport Conditions<\/h3>\n<p>The general tariff and transport conditions of Mur-M\u00fcrz Top Skipass and the respective member companies of Mur-M\u00fcrz Top Skipass (henceforth referred to as member companies) apply.\u00a0 These are available on the respective websites and are displayed on site.<\/p>\n<h3>3. Member companies<\/h3>\n<p>The customer&#8217;s contractual partners are solely the member companies of the Mur-M\u00fcrz Top Ski Pass. As the member companies of Mur-M\u00fcrz Top Ski Pass are independent legal entities, any liability or warranty for incidents arising from or during the operation and use of the cable car and lift facilities as well as the slopes and leisure facilities, shall be borne exclusively by the member company in whose area the incident occurred. The current member companies of the Mur-M\u00fcrz Top Ski Pass are listed at www.skiberge.at.<\/p>\n<h3>4. Subject matter of the contract<\/h3>\n<p>The subject matter of the contract is the sale of access authorisations for lift facilities to be stored on data carriers. Mur-M\u00fcrz Top Ski Pass may unilaterally change the service descriptions, provided that the respective change is reasonable for the customer because it is minor and objectively justified. Mur-M\u00fcrz Top Skipass will inform customers in writing of such changes to the service description. The cash register and access system developed by SKIDATA AG is used to process the sale and activation of access authorisations (Mur-M\u00fcrz Top Ski Pass) for the SKIDATA access control system available at the member companies in conjunction with electronic data carriers (KeyCards) via the Internet or other electronic media.<\/p>\n<h3>5. Period of validity<\/h3>\n<p>During the 2022\/23 winter season, customers are entitled to use all cable cars and lifts operated by member companies during their respective opening hours.<\/p>\n<p>The latest availability of services is made public daily at the respective ticket offices, on the electronic panorama boards, via the respective information channels and on the Internet.<\/p>\n<h3>6. COVID-19 measures<\/h3>\n<p>Compliance with any mandatory COVID-19 measures or other protective measures to contain a pandemic is the sole responsibility of the customer. If the customer is unable or unwilling to comply with such mandatory measures, they may be refused transport (information available at www.skiberge.at).<\/p>\n<h3>7. Liability\/damage<\/h3>\n<p>Any malfunctions of a Mur-M\u00fcrz Top Ski Pass can only be processed and rectified immediately if the customer reports them to the nearest ticket office at the earliest opportunity. If the customer fails to do so, Mur-M\u00fcrz Top Skipass and its member companies are not liable for any resulting damages (ongoing limited usability of the Mur-M\u00fcrz Top Skipass, etc.). Compensation for defective data carriers is excluded if the customer obtains another access authorisation at the ticket office on site within a reasonable time necessary for verification. Lost or forgotten lift passes will not be replaced.<\/p>\n<h3>8. Privacy policy in line with the GDPR<\/h3>\n<p>Mur-M\u00fcrz Top Ski Pass and its member companies process the personal data of employees, partners, customers and suppliers for the purpose of conducting business activities and fulfilling associated legal and contractual requirements. Please refer to the privacy policies of the participating lift operators, which are published on their websites. When purchasing a product issued with a specific name, the cardholder&#8217;s personal data is processed for checking purposes to prevent card misuse and for the provision of customer service. This data is deleted once the purpose has been fulfilled, but no later than three years after the last customer contact. For the above-mentioned checking purposes, the cardholder&#8217;s personal data will be forwarded to Mur-M\u00fcrz Top Ski Pass and to those companies where the name-specific product is valid.<br \/>\nThe customer has the option of creating data transmission via secure data connections (SSL) in their own area. At the very minimum, the participating companies will transmit any data necessary for payment processing via secure data lines. The customer expressly agrees to the transfer of the payment confirmation to the payment system and \u2013 after payment has been approved \u2013 to the debiting of the respective invoice amount using the direct debit authorisation procedure for the selected payment method. All companies involved in the booking process are subject to telecommunications secrecy and the confidentiality obligations of the Data Protection Act.<\/p>\n<h3>9. Information according to GDPR, art. 13 and 14, on \u201cPhotocompare\u201d<\/h3>\n<p>Please note that for access control purposes, a reference photo of the lift pass holder will be taken when they first pass through a turnstile equipped with a camera. This reference photo will be compared by lift staff with the photos taken each time the lift pass holder passes through a turnstile equipped with a camera. The reference photo will be deleted immediately after the lift pass expires, and the other photos will be deleted no later than 30 minutes after each passage through a turnstile.<\/p>\n<p>As of: 31 October 2022<\/p>\n<\/p><\/div>\n<div class=\"acf-fc-column acf-fc-column-1\">\n<p><a href=\"https:\/\/www.skiberge.at\/en\/publishing-details\/\">Publishing details<\/a><\/p>\n<p><a href=\"https:\/\/www.skiberge.at\/en\/privacy-policy\/\">Privacy policy<\/a><\/p>\n<p><a href=\"https:\/\/www.skiberge.at\/en\/accessibility-policy\/\">Accessibility policy<\/a><\/p>\n<p><a href=\"https:\/\/www.skiberge.at\/en\/publishing-details\/#disclaimer-skipass\">Mur-M\u00fcrz Top Skipass disclaimer<\/a><\/p>\n<\/p><\/div>\n","protected":false},"excerpt":{"rendered":"<p>Terms and Conditions Terms and Conditions of the Mur-M\u00fcrz Top Ski Pass tariff association 1. General information The MUR-M\u00dcRZ TOP SKI PASS TARIFF ASSOCIATION (henceforth Mur-M\u00fcrz Top Ski Pass) offers its services through the participating cable cars and other sales partners solely on the basis of these Terms and Conditions.\u00a0 These Terms and Conditions apply [&hellip;]<\/p>\n","protected":false},"author":1,"featured_media":0,"parent":0,"menu_order":0,"comment_status":"closed","ping_status":"closed","template":"","meta":{"_acf_changed":false,"footnotes":""},"class_list":["post-620","page","type-page","status-publish","hentry"],"acf":[],"_links":{"self":[{"href":"https:\/\/www.skiberge.at\/en\/wp-json\/wp\/v2\/pages\/620","targetHints":{"allow":["GET"]}}],"collection":[{"href":"https:\/\/www.skiberge.at\/en\/wp-json\/wp\/v2\/pages"}],"about":[{"href":"https:\/\/www.skiberge.at\/en\/wp-json\/wp\/v2\/types\/page"}],"author":[{"embeddable":true,"href":"https:\/\/www.skiberge.at\/en\/wp-json\/wp\/v2\/users\/1"}],"replies":[{"embeddable":true,"href":"https:\/\/www.skiberge.at\/en\/wp-json\/wp\/v2\/comments?post=620"}],"version-history":[{"count":4,"href":"https:\/\/www.skiberge.at\/en\/wp-json\/wp\/v2\/pages\/620\/revisions"}],"predecessor-version":[{"id":779,"href":"https:\/\/www.skiberge.at\/en\/wp-json\/wp\/v2\/pages\/620\/revisions\/779"}],"wp:attachment":[{"href":"https:\/\/www.skiberge.at\/en\/wp-json\/wp\/v2\/media?parent=620"}],"curies":[{"name":"wp","href":"https:\/\/api.w.org\/{rel}","templated":true}]}}